{"id":149,"date":"2025-11-06T12:33:13","date_gmt":"2025-11-06T09:33:13","guid":{"rendered":"https:\/\/www.xn--pidefrn-vfbbb.com\/?page_id=149"},"modified":"2025-11-22T17:04:51","modified_gmt":"2025-11-22T14:04:51","slug":"iletisim","status":"publish","type":"page","link":"https:\/\/www.xn--pidefrn-vfbbb.com\/index.php\/iletisim\/","title":{"rendered":"\u0130LET\u0130\u015e\u0130M"},"content":{"rendered":"\n<figure class=\"wp-block-table is-style-regular\"><table class=\"has-fixed-layout\"><tbody><tr><td>Totansan F\u0131r\u0131nmaksan<br><strong>Adres<\/strong><br>Fevzi \u00c7akmak Mah.<br>Muhammed \u0130kbal Cad. No: 85<br>KARATAY \/ KONYA<br><strong>Mail<\/strong><br>bilgi@totansan.com<br><strong>TEL<\/strong><br>0532 157 63 71<\/td><td><iframe src=\"https:\/\/www.google.com\/maps\/embed?pb=!1m18!1m12!1m3!1d3147.7492972227383!2d32.529336075403045!3d37.91292220419101!2m3!1f0!2f0!3f0!3m2!1i1024!2i768!4f13.1!3m3!1m2!1s0x14d08fdea8bb3977%3A0xe19a3e76f745c788!2sFevzi%C3%A7akmak%2C%20Muhammed%20Ikbal%20Cd.%20No%3A%2085%2C%2042050%20Karatay%2FKonya!5e0!3m2!1str!2str!4v1763537000936!5m2!1str!2str\" width=\"600\" height=\"450\" style=\"border:0;\" allowfullscreen=\"\" loading=\"lazy\" referrerpolicy=\"no-referrer-when-downgrade\"><\/iframe><\/td><\/tr><\/tbody><\/table><\/figure>\n\n\n\n<p><\/p>\n","protected":false},"excerpt":{"rendered":"<p>Totansan F\u0131r\u0131nmaksanAdresFevzi \u00c7akmak Mah.Muhammed \u0130kbal Cad. No: 85KARATAY \/ KONYAMailbilgi@totansan.comTEL0532 157 63 71 [&hellip;]<\/p>\n","protected":false},"author":1,"featured_media":0,"parent":0,"menu_order":0,"comment_status":"closed","ping_status":"closed","template":"","meta":{"footnotes":""},"class_list":["post-149","page","type-page","status-publish","hentry"],"_links":{"self":[{"href":"https:\/\/www.xn--pidefrn-vfbbb.com\/index.php\/wp-json\/wp\/v2\/pages\/149","targetHints":{"allow":["GET"]}}],"collection":[{"href":"https:\/\/www.xn--pidefrn-vfbbb.com\/index.php\/wp-json\/wp\/v2\/pages"}],"about":[{"href":"https:\/\/www.xn--pidefrn-vfbbb.com\/index.php\/wp-json\/wp\/v2\/types\/page"}],"author":[{"embeddable":true,"href":"https:\/\/www.xn--pidefrn-vfbbb.com\/index.php\/wp-json\/wp\/v2\/users\/1"}],"replies":[{"embeddable":true,"href":"https:\/\/www.xn--pidefrn-vfbbb.com\/index.php\/wp-json\/wp\/v2\/comments?post=149"}],"version-history":[{"count":4,"href":"https:\/\/www.xn--pidefrn-vfbbb.com\/index.php\/wp-json\/wp\/v2\/pages\/149\/revisions"}],"predecessor-version":[{"id":196,"href":"https:\/\/www.xn--pidefrn-vfbbb.com\/index.php\/wp-json\/wp\/v2\/pages\/149\/revisions\/196"}],"wp:attachment":[{"href":"https:\/\/www.xn--pidefrn-vfbbb.com\/index.php\/wp-json\/wp\/v2\/media?parent=149"}],"curies":[{"name":"wp","href":"https:\/\/api.w.org\/{rel}","templated":true}]}}