{"id":147,"date":"2025-11-06T12:30:27","date_gmt":"2025-11-06T09:30:27","guid":{"rendered":"https:\/\/www.xn--pidefrn-vfbbb.com\/?page_id=147"},"modified":"2025-11-12T09:13:50","modified_gmt":"2025-11-12T06:13:50","slug":"dogalgazli-pide-firini","status":"publish","type":"page","link":"https:\/\/www.xn--pidefrn-vfbbb.com\/index.php\/dogalgazli-pide-firini\/","title":{"rendered":"DO\u011eALGAZLI P\u0130DE FIRINI"},"content":{"rendered":"\n<p>At\u0131k sisteminde A1 Atmosferik baca sistemi kullan\u0131lmaktad\u0131r. Harici bir baca gereksinimi olmaz. %100 \u0131s\u0131 yal\u0131t\u0131m\u0131na sahiptir. \u0130thal malzemelerden \u00fcretilmi\u015ftir. Is\u0131 yal\u0131t\u0131m\u0131 tuz yerine perlit kullan\u0131lm\u0131\u015ft\u0131r. Kubbe k\u0131sm\u0131nda \u00e7amur yerine RHB401 \u0131s\u0131 betonu kullan\u0131lm\u0131\u015f\u0131r. Taban ta\u015f\u0131 ve kubbe ta\u015f\u0131 16 madenden olu\u015fup %25\u00a0al\u00fcminyumdan olu\u015fur.<\/p>\n\n\n<div class=\"wp-block-image\">\n<figure class=\"aligncenter size-full is-resized\"><img loading=\"lazy\" decoding=\"async\" width=\"809\" height=\"809\" src=\"https:\/\/www.xn--pidefrn-vfbbb.com\/wp-content\/uploads\/2025\/10\/cropped-WhatsApp-Gorsel-2025-10-22-saat-15.17.39_9c12a9c1.jpg\" alt=\"\" class=\"wp-image-104\" style=\"width:393px;height:auto\" srcset=\"https:\/\/www.xn--pidefrn-vfbbb.com\/wp-content\/uploads\/2025\/10\/cropped-WhatsApp-Gorsel-2025-10-22-saat-15.17.39_9c12a9c1.jpg 809w, https:\/\/www.xn--pidefrn-vfbbb.com\/wp-content\/uploads\/2025\/10\/cropped-WhatsApp-Gorsel-2025-10-22-saat-15.17.39_9c12a9c1-300x300.jpg 300w, https:\/\/www.xn--pidefrn-vfbbb.com\/wp-content\/uploads\/2025\/10\/cropped-WhatsApp-Gorsel-2025-10-22-saat-15.17.39_9c12a9c1-150x150.jpg 150w, https:\/\/www.xn--pidefrn-vfbbb.com\/wp-content\/uploads\/2025\/10\/cropped-WhatsApp-Gorsel-2025-10-22-saat-15.17.39_9c12a9c1-768x768.jpg 768w\" sizes=\"auto, (max-width: 809px) 100vw, 809px\" \/><\/figure>\n<\/div>\n\n\n\n\n<ul class=\"wp-block-list\">\n<li>\u0130talyan Emniyet Ventilli Termostatl\u0131 Gaz Musluklar\u0131<\/li>\n\n\n\n<li>\u0130talyan Krom&nbsp;Bemanok (Br\u00fcl\u00f6r)<\/li>\n\n\n\n<li>Pilot Yanmal\u0131<\/li>\n\n\n\n<li>Elektrikli \u00c7akmak<\/li>\n\n\n\n<li>Dijital Is\u0131 G\u00f6stergesi<\/li>\n\n\n\n<li>Oval Kubbe Ate\u015f Reflekt\u00f6r Ta\u015f\u0131<\/li>\n\n\n\n<li>Ta\u015f Y\u00fcn\u00fc \u0130zolasyonu<\/li>\n\n\n\n<li>M\u00fckemmel Yak\u0131t Tasarrufu<\/li>\n\n\n\n<li>\u00c7ift Kapak ve Baca&nbsp;Sistemi<\/li>\n\n\n\n<li>Duvar Kal\u0131nl\u0131\u011f\u0131&nbsp;20 cm<\/li>\n\n\n\n<li>Taban Ta\u015f\u0131\u00a0Is\u0131ya\u00a0Dayan\u0131kl\u0131 Do\u011fal\u00a0Ta\u015f\u00a03-4 cm (ate\u015f tu\u011flas\u0131)<\/li>\n\n\n\n<li>Pi\u015firme Ta\u015f\u0131 Alt\u0131 \u0130thal Perlit&nbsp;ve Yal\u0131t\u0131m Malzemesi ile&nbsp;30cm Doldurulmaktad\u0131r.&nbsp;&nbsp;<\/li>\n\n\n\n<li>100\u2019l\u00fck\u00a0Poliamiid\u00a0Tekerlek Kullan\u0131lmaktad\u0131r\u00a0<\/li>\n\n\n\n<li>Seyyar Ta\u015f F\u0131r\u0131n<\/li>\n<\/ul>\n\n\n\n<figure class=\"wp-block-table\"><table class=\"has-fixed-layout\"><tbody><tr><td>\u00dcr\u00fcn kod<\/td><td>F\u0131r\u0131n D\u0131\u015f \u00d6l\u00e7\u00fcs\u00fc cm<\/td><td>Pi\u015firme Ta\u015f\u0131 \u00d6l\u00e7\u00fcs\u00fc cm<\/td><\/tr><tr><td>NGA 101<\/td><td>136 x 150<\/td><td>100 x 100<\/td><\/tr><tr><td>NGA 102<\/td><td>160 x 175<\/td><td>125 x 125<\/td><\/tr><tr><td>NGA 103<\/td><td>160 x 200<\/td><td>125 x 150<\/td><\/tr><tr><td>NGA 105<\/td><td>185 x 200<\/td><td>150 x 150<\/td><\/tr><tr><td>NGA 106<\/td><td>185 x 225<\/td><td>150 x 175<\/td><\/tr><tr><td>NGA 107<\/td><td>216 x 230<\/td><td>175 x 175<\/td><\/tr><tr><td>NGA 108<\/td><td>210&nbsp;x 250<\/td><td>175 x 200<\/td><\/tr><tr><td>NGA 109<\/td><td>210 x 300<\/td><td>175 x 250<\/td><\/tr><\/tbody><\/table><\/figure>\n","protected":false},"excerpt":{"rendered":"<p>At\u0131k sisteminde A1 Atmosferik baca sistemi kullan\u0131lmaktad\u0131r. Harici bir baca gereksinimi olmaz. %100 [&hellip;]<\/p>\n","protected":false},"author":1,"featured_media":0,"parent":0,"menu_order":0,"comment_status":"closed","ping_status":"closed","template":"","meta":{"footnotes":""},"class_list":["post-147","page","type-page","status-publish","hentry"],"_links":{"self":[{"href":"https:\/\/www.xn--pidefrn-vfbbb.com\/index.php\/wp-json\/wp\/v2\/pages\/147","targetHints":{"allow":["GET"]}}],"collection":[{"href":"https:\/\/www.xn--pidefrn-vfbbb.com\/index.php\/wp-json\/wp\/v2\/pages"}],"about":[{"href":"https:\/\/www.xn--pidefrn-vfbbb.com\/index.php\/wp-json\/wp\/v2\/types\/page"}],"author":[{"embeddable":true,"href":"https:\/\/www.xn--pidefrn-vfbbb.com\/index.php\/wp-json\/wp\/v2\/users\/1"}],"replies":[{"embeddable":true,"href":"https:\/\/www.xn--pidefrn-vfbbb.com\/index.php\/wp-json\/wp\/v2\/comments?post=147"}],"version-history":[{"count":5,"href":"https:\/\/www.xn--pidefrn-vfbbb.com\/index.php\/wp-json\/wp\/v2\/pages\/147\/revisions"}],"predecessor-version":[{"id":161,"href":"https:\/\/www.xn--pidefrn-vfbbb.com\/index.php\/wp-json\/wp\/v2\/pages\/147\/revisions\/161"}],"wp:attachment":[{"href":"https:\/\/www.xn--pidefrn-vfbbb.com\/index.php\/wp-json\/wp\/v2\/media?parent=147"}],"curies":[{"name":"wp","href":"https:\/\/api.w.org\/{rel}","templated":true}]}}