{"id":141,"date":"2025-11-06T12:19:37","date_gmt":"2025-11-06T09:19:37","guid":{"rendered":"https:\/\/www.xn--pidefrn-vfbbb.com\/?page_id=141"},"modified":"2025-11-12T09:35:37","modified_gmt":"2025-11-12T06:35:37","slug":"tuplu-pide-firini","status":"publish","type":"page","link":"https:\/\/www.xn--pidefrn-vfbbb.com\/index.php\/tuplu-pide-firini\/","title":{"rendered":"T\u00dcPL\u00dc P\u0130DE FIRINI"},"content":{"rendered":"\n<p>At\u0131k sistemini davlumbaz dahil her yere verebilirsiniz. Harici bir baca gereksinimi olmaz. %100 \u0131s\u0131 yal\u0131t\u0131m\u0131na sahiptir. \u0130thal malzemelerden \u00fcretilmi\u015ftir. Is\u0131 yal\u0131t\u0131m\u0131 tuz yerine perlit kullan\u0131lm\u0131\u015ft\u0131r. Kubbe k\u0131sm\u0131nda \u00e7amur yerine RHB401 \u0131s\u0131 betonu kullan\u0131lm\u0131\u015ft\u0131r. Taban ta\u015f\u0131 ve kubbe ta\u015f\u0131 16 madenden olu\u015fup %25\u00a0al\u00fcminyumdan olu\u015fur.<\/p>\n\n\n<div class=\"wp-block-image\">\n<figure class=\"aligncenter size-full\"><img loading=\"lazy\" decoding=\"async\" width=\"526\" height=\"394\" src=\"https:\/\/www.xn--pidefrn-vfbbb.com\/wp-content\/uploads\/2025\/11\/WhatsApp-Gorsel-2025-10-22-saat-15.17.40_90c0764a.jpg\" alt=\"\" class=\"wp-image-172\" srcset=\"https:\/\/www.xn--pidefrn-vfbbb.com\/wp-content\/uploads\/2025\/11\/WhatsApp-Gorsel-2025-10-22-saat-15.17.40_90c0764a.jpg 526w, https:\/\/www.xn--pidefrn-vfbbb.com\/wp-content\/uploads\/2025\/11\/WhatsApp-Gorsel-2025-10-22-saat-15.17.40_90c0764a-300x225.jpg 300w\" sizes=\"auto, (max-width: 526px) 100vw, 526px\" \/><\/figure>\n<\/div>\n\n\n<ul class=\"wp-block-list\">\n<li>Klasik Gaz Musluklar\u0131<\/li>\n\n\n\n<li>Dijital Is\u0131 G\u00f6stergesi<\/li>\n\n\n\n<li>F\u0131r\u0131n \u0130\u00e7i I\u015f\u0131kland\u0131rma<\/li>\n\n\n\n<li>Oval Kubbe Ate\u015f Reflekt\u00f6r Ta\u015f\u0131<\/li>\n\n\n\n<li>Duvar Kal\u0131nl\u0131\u011f\u0131 20&nbsp;cm<\/li>\n\n\n\n<li>Ta\u015f Y\u00fcn\u00fc \u0130zolasyonu<\/li>\n\n\n\n<li>Taban Ta\u015f\u0131\u00a0Is\u0131ya Dayan\u0131kl\u0131 Do\u011fal Ta\u015f\u00a03-4 cm (ate\u015f tu\u011flas\u0131)<\/li>\n\n\n\n<li>Pi\u015firme Ta\u015f\u0131 Alt\u0131 \u0130thal Perlit ve Yal\u0131t\u0131m Malzemesi ile 30cm Doldurulmaktad\u0131r.<\/li>\n\n\n\n<li>100\u2019l\u00fck\u00a0Poliamid Teker Kullan\u0131lmaktad\u0131r\u00a0<\/li>\n\n\n\n<li>Seyyar Ta\u015f F\u0131r\u0131n&nbsp;&nbsp;<\/li>\n\n\n\n<li>Lahmacun, Pide, Pizza, Simit F\u0131r\u0131n\u0131 olarak kullan\u0131labilir<\/li>\n<\/ul>\n\n\n\n<figure class=\"wp-block-table\"><table class=\"has-fixed-layout\"><tbody><tr><td>\u00dcr\u00fcn kodu<\/td><td>F\u0131r\u0131n D\u0131\u015f \u00d6l\u00e7\u00fcs\u00fc cm<\/td><td>Pi\u015firme Ta\u015f\u0131 \u00d6l\u00e7\u00fcs\u00fc cm<\/td><\/tr><tr><td>NGT 13615<\/td><td>136 x 150<\/td><td>100 x 100<\/td><\/tr><tr><td>NGT 15617<\/td><td>156 x 170<\/td><td>120 x 120<\/td><\/tr><tr><td>NGT 15619<\/td><td>156 x 190<\/td><td>120 x 140<\/td><\/tr><tr><td>NGT 17621<\/td><td>176 x 210<\/td><td>140 x 160<\/td><\/tr><tr><td>NGT 19623<\/td><td>196 x 230<\/td><td>160 x 180<\/td><\/tr><tr><td>NGT 21623<\/td><td>216 x 230<\/td><td>180 x 180<\/td><\/tr><tr><td>NGT 21626<\/td><td>216 x 260<\/td><td>180 x 210<\/td><\/tr><tr><td>NGT 21631<\/td><td>216 x 310<\/td><td>180 x 260<\/td><\/tr><\/tbody><\/table><\/figure>\n","protected":false},"excerpt":{"rendered":"<p>At\u0131k sistemini davlumbaz dahil her yere verebilirsiniz. Harici bir baca gereksinimi olmaz. %100 [&hellip;]<\/p>\n","protected":false},"author":1,"featured_media":0,"parent":0,"menu_order":0,"comment_status":"closed","ping_status":"closed","template":"","meta":{"footnotes":""},"class_list":["post-141","page","type-page","status-publish","hentry"],"_links":{"self":[{"href":"https:\/\/www.xn--pidefrn-vfbbb.com\/index.php\/wp-json\/wp\/v2\/pages\/141","targetHints":{"allow":["GET"]}}],"collection":[{"href":"https:\/\/www.xn--pidefrn-vfbbb.com\/index.php\/wp-json\/wp\/v2\/pages"}],"about":[{"href":"https:\/\/www.xn--pidefrn-vfbbb.com\/index.php\/wp-json\/wp\/v2\/types\/page"}],"author":[{"embeddable":true,"href":"https:\/\/www.xn--pidefrn-vfbbb.com\/index.php\/wp-json\/wp\/v2\/users\/1"}],"replies":[{"embeddable":true,"href":"https:\/\/www.xn--pidefrn-vfbbb.com\/index.php\/wp-json\/wp\/v2\/comments?post=141"}],"version-history":[{"count":5,"href":"https:\/\/www.xn--pidefrn-vfbbb.com\/index.php\/wp-json\/wp\/v2\/pages\/141\/revisions"}],"predecessor-version":[{"id":173,"href":"https:\/\/www.xn--pidefrn-vfbbb.com\/index.php\/wp-json\/wp\/v2\/pages\/141\/revisions\/173"}],"wp:attachment":[{"href":"https:\/\/www.xn--pidefrn-vfbbb.com\/index.php\/wp-json\/wp\/v2\/media?parent=141"}],"curies":[{"name":"wp","href":"https:\/\/api.w.org\/{rel}","templated":true}]}}