{"id":116,"date":"2025-10-30T18:15:31","date_gmt":"2025-10-30T15:15:31","guid":{"rendered":"https:\/\/www.xn--pidefrn-vfbbb.com\/?page_id=116"},"modified":"2025-11-12T09:03:36","modified_gmt":"2025-11-12T06:03:36","slug":"totansan-moduler-tas-firin-sanayi-lezzetin-tasinabilir-adresi","status":"publish","type":"page","link":"https:\/\/www.xn--pidefrn-vfbbb.com\/index.php\/totansan-moduler-tas-firin-sanayi-lezzetin-tasinabilir-adresi\/","title":{"rendered":"Totansan Mod\u00fcler Ta\u015f F\u0131r\u0131n Sanayi: Lezzetin Ta\u015f\u0131nabilir Adresi!"},"content":{"rendered":"\n<p><strong>Totansan Mod\u00fcler Ta\u015f F\u0131r\u0131n Sanayi<\/strong> olarak, 15 y\u0131l\u0131 a\u015fk\u0131n tecr\u00fcbemizle t\u00fcm T\u00fcrkiye&#8217;ye hizmet vermenin gururunu ya\u015f\u0131yoruz. Geleneksel ta\u015f f\u0131r\u0131n lezzetini, modern \u00e7\u00f6z\u00fcmlerle birle\u015ftirerek i\u015fletmenizin ve damak tad\u0131n\u0131z\u0131n ihtiyac\u0131na en uygun <strong>Seyyar Pide F\u0131r\u0131nlar\u0131n\u0131<\/strong> imal ediyoruz.<\/p>\n\n\n\n<h3 class=\"wp-block-heading\">\ud83c\udf55 Geni\u015f \u00dcr\u00fcn Yelpazesi ile Her \u0130htiyaca \u00c7\u00f6z\u00fcm!<\/h3>\n\n\n\n<p>\u0130\u015fletmenizin enerji tercihi ne olursa olsun, Totansan&#8217;da size uygun bir f\u0131r\u0131n mutlaka var:<\/p>\n\n\n\n<ul class=\"wp-block-list\">\n<li>\u26fd <strong>Do\u011falgazl\u0131 Seyyar Ta\u015f F\u0131r\u0131nlar:<\/strong> Pratik, ekonomik ve temiz kullan\u0131m imkan\u0131.<\/li>\n\n\n\n<li>\ud83d\udd25 <strong>Do\u011falgazl\u0131, lpgli ve Odunlu Kombine Ta\u015f F\u0131r\u0131nlar:<\/strong> \u0130htiyaca g\u00f6re yak\u0131t de\u011fi\u015ftirme esnekli\u011fi. \u0130ster do\u011falgaz yada lpg ile isterseniz odun ile f\u0131r\u0131n\u0131n\u0131z\u0131 kullanabilirsiniz.<\/li>\n\n\n\n<li>\ud83d\udd0c <strong>Elektrikli ve Lpgli:<\/strong> Elektrikle \u0131s\u0131narak lpg ile \u00e7al\u0131\u015fmaya devam edebilen f\u0131r\u0131n \u00e7e\u015fitleri.<\/li>\n\n\n\n<li>\ud83e\udeb5 <strong>Odunlu Seyyar F\u0131r\u0131nlar:<\/strong> Geleneksel lezzet ve e\u015fsiz aroma arayanlar i\u00e7in.<\/li>\n<\/ul>\n\n\n\n<p><strong>Kalitemiz sadece sayg\u0131n restoran ve i\u015fletmelerin tercihi olmakla kalmam\u0131\u015f, lezzet standartlar\u0131n\u0131 da belirlemi\u015ftir.<\/strong><\/p>\n\n\n\n<hr class=\"wp-block-separator has-alpha-channel-opacity\"\/>\n\n\n\n<h3 class=\"wp-block-heading\">\ud83d\udca1 Yeni Hizmetimiz: Kara F\u0131r\u0131n Do\u011falgaz D\u00f6n\u00fc\u015f\u00fcm \u00c7\u00f6z\u00fcmleri!<\/h3>\n\n\n\n<p>Geleneksel <strong>kara f\u0131r\u0131n<\/strong> sahipleri i\u00e7in maliyet ve kullan\u0131m kolayl\u0131\u011f\u0131 sa\u011flayan yepyeni bir hizmetimizle kar\u015f\u0131n\u0131zday\u0131z. Mevcut f\u0131r\u0131nlar\u0131n\u0131z\u0131 modern standartlara ta\u015f\u0131yarak:<\/p>\n\n\n\n<ul class=\"wp-block-list\">\n<li><strong>Verimlili\u011fi art\u0131r\u0131n<\/strong><\/li>\n\n\n\n<li><strong>\u0130\u015fletme giderlerini d\u00fc\u015f\u00fcr\u00fcn<\/strong><\/li>\n\n\n\n<li><strong>Kullan\u0131m pratikli\u011fi kazan\u0131n<\/strong><\/li>\n<\/ul>\n\n\n\n<p>Totansan uzmanl\u0131\u011f\u0131yla f\u0131r\u0131nlar\u0131n\u0131z\u0131 <strong>do\u011falgazl\u0131<\/strong> sisteme d\u00f6n\u00fc\u015ft\u00fcrerek hem gelene\u011fi koruyun hem de gelece\u011fe yat\u0131r\u0131m yap\u0131n!<\/p>\n\n\n\n<hr class=\"wp-block-separator has-alpha-channel-opacity\"\/>\n\n\n\n<p><strong>Totansan:<\/strong> 15 y\u0131ll\u0131k g\u00fcven, uzman i\u015f\u00e7ilik ve T\u00fcrkiye&#8217;nin d\u00f6rt bir yan\u0131na ula\u015fan hizmet a\u011f\u0131yla lezzetinizi bir \u00fcst seviyeye ta\u015f\u0131mak i\u00e7in yan\u0131n\u0131zday\u0131z.<\/p>\n\n\n\n<p><strong>Detayl\u0131 bilgi ve size en uygun f\u0131r\u0131n \u00e7\u00f6z\u00fcm\u00fc i\u00e7in bize ula\u015f\u0131n!<\/strong><\/p>\n","protected":false},"excerpt":{"rendered":"<p>Totansan Mod\u00fcler Ta\u015f F\u0131r\u0131n Sanayi olarak, 15 y\u0131l\u0131 a\u015fk\u0131n tecr\u00fcbemizle t\u00fcm T\u00fcrkiye&#8217;ye hizmet [&hellip;]<\/p>\n","protected":false},"author":1,"featured_media":0,"parent":0,"menu_order":0,"comment_status":"closed","ping_status":"closed","template":"","meta":{"footnotes":""},"class_list":["post-116","page","type-page","status-publish","hentry"],"_links":{"self":[{"href":"https:\/\/www.xn--pidefrn-vfbbb.com\/index.php\/wp-json\/wp\/v2\/pages\/116","targetHints":{"allow":["GET"]}}],"collection":[{"href":"https:\/\/www.xn--pidefrn-vfbbb.com\/index.php\/wp-json\/wp\/v2\/pages"}],"about":[{"href":"https:\/\/www.xn--pidefrn-vfbbb.com\/index.php\/wp-json\/wp\/v2\/types\/page"}],"author":[{"embeddable":true,"href":"https:\/\/www.xn--pidefrn-vfbbb.com\/index.php\/wp-json\/wp\/v2\/users\/1"}],"replies":[{"embeddable":true,"href":"https:\/\/www.xn--pidefrn-vfbbb.com\/index.php\/wp-json\/wp\/v2\/comments?post=116"}],"version-history":[{"count":3,"href":"https:\/\/www.xn--pidefrn-vfbbb.com\/index.php\/wp-json\/wp\/v2\/pages\/116\/revisions"}],"predecessor-version":[{"id":157,"href":"https:\/\/www.xn--pidefrn-vfbbb.com\/index.php\/wp-json\/wp\/v2\/pages\/116\/revisions\/157"}],"wp:attachment":[{"href":"https:\/\/www.xn--pidefrn-vfbbb.com\/index.php\/wp-json\/wp\/v2\/media?parent=116"}],"curies":[{"name":"wp","href":"https:\/\/api.w.org\/{rel}","templated":true}]}}